{"id":2631,"date":"2018-04-06T11:02:27","date_gmt":"2018-04-06T11:02:27","guid":{"rendered":"http:\/\/themes.radiantthemes.com\/brixel\/?page_id=2631"},"modified":"2020-07-10T15:40:13","modified_gmt":"2020-07-10T18:40:13","slug":"nossaempresa","status":"publish","type":"page","link":"http:\/\/assispiso.com.br\/?page_id=2631","title":{"rendered":"Nossa empresa"},"content":{"rendered":"<p>[vc_row equal_height=&#8221;yes&#8221; css=&#8221;.vc_custom_1522821587854{margin-bottom: 0px !important;padding-top: 80px !important;padding-right: 0px !important;padding-bottom: 80px !important;padding-left: 0px !important;}&#8221;][vc_column width=&#8221;1\/2&#8243; css=&#8221;.vc_custom_1522747353971{margin-top: 0px !important;margin-bottom: 0px !important;padding-top: 0px !important;padding-bottom: 0px !important;}&#8221;][vc_custom_heading text=&#8221;Tradi\u00e7\u00e3o&#8221; font_container=&#8221;tag:h2|font_size:35px|text_align:left|line_height:45px&#8221; use_theme_fonts=&#8221;yes&#8221; el_class=&#8221;heading-left-border&#8221;][vc_custom_heading text=&#8221;Instalada na Avenida Dom Antonio em um local de f\u00e1cil acesso, a Assispiso oferece aos seus clientes os principais lan\u00e7amentos e as tend\u00eancias da constru\u00e7\u00e3o em seus modernos ambientes, comercializando as principais marcas do segmento.&#8221; font_container=&#8221;tag:p|text_align:left&#8221; use_theme_fonts=&#8221;yes&#8221; css=&#8221;.vc_custom_1562262599575{margin-top: 30px !important;margin-bottom: 25px !important;}&#8221;][vc_custom_heading text=&#8221;O que fazemos?&#8221; font_container=&#8221;tag:h4|font_size:22px|text_align:left|line_height:24px&#8221; use_theme_fonts=&#8221;yes&#8221; css=&#8221;.vc_custom_1562262641926{margin-top: 0px !important;margin-bottom: 0px !important;}&#8221;][vc_custom_heading text=&#8221;Ajudamos voc\u00ea a construir o sonho da sua constru\u00e7\u00e3o ou reforma, com os melhores produtos e melhor atendimento da cidade.&#8221; font_container=&#8221;tag:p|text_align:left&#8221; use_theme_fonts=&#8221;yes&#8221; css=&#8221;.vc_custom_1562268615222{margin-top: 20px !important;margin-bottom: 25px !important;}&#8221;][\/vc_column][vc_column width=&#8221;1\/2&#8243; css=&#8221;.vc_custom_1563563017321{margin-top: 0px !important;margin-bottom: 0px !important;padding-top: 0px !important;padding-right: 0px !important;padding-bottom: 0px !important;padding-left: 0px !important;background-position: center !important;background-repeat: no-repeat !important;background-size: cover !important;}&#8221;][vc_video link=&#8221;https:\/\/www.youtube.com\/watch?v=Eq2ydSOYhD4&amp;feature=youtu.be&#8221;][\/vc_column][\/vc_row]<\/p>\n","protected":false},"excerpt":{"rendered":"<p>[vc_row equal_height=&#8221;yes&#8221; css=&#8221;.vc_custom_1522821587854{margin-bottom: 0px !important;padding-top: 80px !important;padding-right: 0px !important;padding-bottom: 80px !important;padding-left: 0px !important;}&#8221;][vc_column width=&#8221;1\/2&#8243; css=&#8221;.vc_custom_1522747353971{margin-top: 0px !important;margin-bottom: 0px !important;padding-top: 0px !important;padding-bottom: 0px !important;}&#8221;][vc_custom_heading text=&#8221;Tradi\u00e7\u00e3o&#8221; font_container=&#8221;tag:h2|font_size:35px|text_align:left|line_height:45px&#8221; use_theme_fonts=&#8221;yes&#8221; el_class=&#8221;heading-left-border&#8221;][vc_custom_heading text=&#8221;Instalada na Avenida Dom Antonio em um local de f\u00e1cil acesso, a Assispiso oferece aos seus clientes os principais lan\u00e7amentos e as tend\u00eancias da constru\u00e7\u00e3o em seus modernos [&hellip;]<\/p>\n","protected":false},"author":1,"featured_media":0,"parent":0,"menu_order":0,"comment_status":"closed","ping_status":"closed","template":"","meta":{"_joinchat":[],"footnotes":""},"class_list":["post-2631","page","type-page","status-publish","hentry"],"yoast_head":"<!-- This site is optimized with the Yoast SEO plugin v24.9 - https:\/\/yoast.com\/wordpress\/plugins\/seo\/ -->\n<title>Nossa empresa - Pisos e Acabamentos em Assis-SP<\/title>\n<meta name=\"robots\" content=\"index, follow, max-snippet:-1, max-image-preview:large, max-video-preview:-1\" \/>\n<link rel=\"canonical\" href=\"https:\/\/assispiso.com.br\/?page_id=2631\" \/>\n<meta property=\"og:locale\" content=\"pt_BR\" \/>\n<meta property=\"og:type\" content=\"article\" \/>\n<meta property=\"og:title\" content=\"Nossa empresa - Pisos e Acabamentos em Assis-SP\" \/>\n<meta property=\"og:description\" content=\"[vc_row equal_height=&#8221;yes&#8221; css=&#8221;.vc_custom_1522821587854{margin-bottom: 0px !important;padding-top: 80px !important;padding-right: 0px !important;padding-bottom: 80px !important;padding-left: 0px !important;}&#8221;][vc_column width=&#8221;1\/2&#8243; css=&#8221;.vc_custom_1522747353971{margin-top: 0px !important;margin-bottom: 0px !important;padding-top: 0px !important;padding-bottom: 0px !important;}&#8221;][vc_custom_heading text=&#8221;Tradi\u00e7\u00e3o&#8221; font_container=&#8221;tag:h2|font_size:35px|text_align:left|line_height:45px&#8221; use_theme_fonts=&#8221;yes&#8221; el_class=&#8221;heading-left-border&#8221;][vc_custom_heading text=&#8221;Instalada na Avenida Dom Antonio em um local de f\u00e1cil acesso, a Assispiso oferece aos seus clientes os principais lan\u00e7amentos e as tend\u00eancias da constru\u00e7\u00e3o em seus modernos [&hellip;]\" \/>\n<meta property=\"og:url\" content=\"https:\/\/assispiso.com.br\/?page_id=2631\" \/>\n<meta property=\"og:site_name\" content=\"Pisos e Acabamentos em Assis-SP\" \/>\n<meta property=\"article:publisher\" content=\"https:\/\/www.facebook.com\/assispisocenter\/\" \/>\n<meta property=\"article:modified_time\" content=\"2020-07-10T18:40:13+00:00\" \/>\n<meta name=\"twitter:card\" content=\"summary_large_image\" \/>\n<meta name=\"twitter:label1\" content=\"Est. tempo de leitura\" \/>\n\t<meta name=\"twitter:data1\" content=\"1 minuto\" \/>\n<script type=\"application\/ld+json\" class=\"yoast-schema-graph\">{\"@context\":\"https:\/\/schema.org\",\"@graph\":[{\"@type\":\"WebPage\",\"@id\":\"https:\/\/assispiso.com.br\/?page_id=2631\",\"url\":\"https:\/\/assispiso.com.br\/?page_id=2631\",\"name\":\"Nossa empresa - Pisos e Acabamentos em Assis-SP\",\"isPartOf\":{\"@id\":\"https:\/\/assispiso.com.br\/#website\"},\"datePublished\":\"2018-04-06T11:02:27+00:00\",\"dateModified\":\"2020-07-10T18:40:13+00:00\",\"breadcrumb\":{\"@id\":\"https:\/\/assispiso.com.br\/?page_id=2631#breadcrumb\"},\"inLanguage\":\"pt-BR\",\"potentialAction\":[{\"@type\":\"ReadAction\",\"target\":[\"https:\/\/assispiso.com.br\/?page_id=2631\"]}]},{\"@type\":\"BreadcrumbList\",\"@id\":\"https:\/\/assispiso.com.br\/?page_id=2631#breadcrumb\",\"itemListElement\":[{\"@type\":\"ListItem\",\"position\":1,\"name\":\"In\u00edcio\",\"item\":\"https:\/\/assispiso.com.br\/\"},{\"@type\":\"ListItem\",\"position\":2,\"name\":\"Nossa empresa\"}]},{\"@type\":\"WebSite\",\"@id\":\"https:\/\/assispiso.com.br\/#website\",\"url\":\"https:\/\/assispiso.com.br\/\",\"name\":\"Pisos e Acabamentos em Assis-SP\",\"description\":\"\",\"potentialAction\":[{\"@type\":\"SearchAction\",\"target\":{\"@type\":\"EntryPoint\",\"urlTemplate\":\"https:\/\/assispiso.com.br\/?s={search_term_string}\"},\"query-input\":{\"@type\":\"PropertyValueSpecification\",\"valueRequired\":true,\"valueName\":\"search_term_string\"}}],\"inLanguage\":\"pt-BR\"}]}<\/script>\n<!-- \/ Yoast SEO plugin. -->","yoast_head_json":{"title":"Nossa empresa - Pisos e Acabamentos em Assis-SP","robots":{"index":"index","follow":"follow","max-snippet":"max-snippet:-1","max-image-preview":"max-image-preview:large","max-video-preview":"max-video-preview:-1"},"canonical":"https:\/\/assispiso.com.br\/?page_id=2631","og_locale":"pt_BR","og_type":"article","og_title":"Nossa empresa - Pisos e Acabamentos em Assis-SP","og_description":"[vc_row equal_height=&#8221;yes&#8221; css=&#8221;.vc_custom_1522821587854{margin-bottom: 0px !important;padding-top: 80px !important;padding-right: 0px !important;padding-bottom: 80px !important;padding-left: 0px !important;}&#8221;][vc_column width=&#8221;1\/2&#8243; css=&#8221;.vc_custom_1522747353971{margin-top: 0px !important;margin-bottom: 0px !important;padding-top: 0px !important;padding-bottom: 0px !important;}&#8221;][vc_custom_heading text=&#8221;Tradi\u00e7\u00e3o&#8221; font_container=&#8221;tag:h2|font_size:35px|text_align:left|line_height:45px&#8221; use_theme_fonts=&#8221;yes&#8221; el_class=&#8221;heading-left-border&#8221;][vc_custom_heading text=&#8221;Instalada na Avenida Dom Antonio em um local de f\u00e1cil acesso, a Assispiso oferece aos seus clientes os principais lan\u00e7amentos e as tend\u00eancias da constru\u00e7\u00e3o em seus modernos [&hellip;]","og_url":"https:\/\/assispiso.com.br\/?page_id=2631","og_site_name":"Pisos e Acabamentos em Assis-SP","article_publisher":"https:\/\/www.facebook.com\/assispisocenter\/","article_modified_time":"2020-07-10T18:40:13+00:00","twitter_card":"summary_large_image","twitter_misc":{"Est. tempo de leitura":"1 minuto"},"schema":{"@context":"https:\/\/schema.org","@graph":[{"@type":"WebPage","@id":"https:\/\/assispiso.com.br\/?page_id=2631","url":"https:\/\/assispiso.com.br\/?page_id=2631","name":"Nossa empresa - Pisos e Acabamentos em Assis-SP","isPartOf":{"@id":"https:\/\/assispiso.com.br\/#website"},"datePublished":"2018-04-06T11:02:27+00:00","dateModified":"2020-07-10T18:40:13+00:00","breadcrumb":{"@id":"https:\/\/assispiso.com.br\/?page_id=2631#breadcrumb"},"inLanguage":"pt-BR","potentialAction":[{"@type":"ReadAction","target":["https:\/\/assispiso.com.br\/?page_id=2631"]}]},{"@type":"BreadcrumbList","@id":"https:\/\/assispiso.com.br\/?page_id=2631#breadcrumb","itemListElement":[{"@type":"ListItem","position":1,"name":"In\u00edcio","item":"https:\/\/assispiso.com.br\/"},{"@type":"ListItem","position":2,"name":"Nossa empresa"}]},{"@type":"WebSite","@id":"https:\/\/assispiso.com.br\/#website","url":"https:\/\/assispiso.com.br\/","name":"Pisos e Acabamentos em Assis-SP","description":"","potentialAction":[{"@type":"SearchAction","target":{"@type":"EntryPoint","urlTemplate":"https:\/\/assispiso.com.br\/?s={search_term_string}"},"query-input":{"@type":"PropertyValueSpecification","valueRequired":true,"valueName":"search_term_string"}}],"inLanguage":"pt-BR"}]}},"_links":{"self":[{"href":"http:\/\/assispiso.com.br\/index.php?rest_route=\/wp\/v2\/pages\/2631","targetHints":{"allow":["GET"]}}],"collection":[{"href":"http:\/\/assispiso.com.br\/index.php?rest_route=\/wp\/v2\/pages"}],"about":[{"href":"http:\/\/assispiso.com.br\/index.php?rest_route=\/wp\/v2\/types\/page"}],"author":[{"embeddable":true,"href":"http:\/\/assispiso.com.br\/index.php?rest_route=\/wp\/v2\/users\/1"}],"replies":[{"embeddable":true,"href":"http:\/\/assispiso.com.br\/index.php?rest_route=%2Fwp%2Fv2%2Fcomments&post=2631"}],"version-history":[{"count":17,"href":"http:\/\/assispiso.com.br\/index.php?rest_route=\/wp\/v2\/pages\/2631\/revisions"}],"predecessor-version":[{"id":3904,"href":"http:\/\/assispiso.com.br\/index.php?rest_route=\/wp\/v2\/pages\/2631\/revisions\/3904"}],"wp:attachment":[{"href":"http:\/\/assispiso.com.br\/index.php?rest_route=%2Fwp%2Fv2%2Fmedia&parent=2631"}],"curies":[{"name":"wp","href":"https:\/\/api.w.org\/{rel}","templated":true}]}}